{"id":49,"date":"2017-06-19T14:13:18","date_gmt":"2017-06-19T21:13:18","guid":{"rendered":"http:\/\/pygar.vnv.ch\/?page_id=49"},"modified":"2019-01-27T23:39:22","modified_gmt":"2019-01-28T07:39:22","slug":"compania","status":"publish","type":"page","link":"https:\/\/pygar.us\/es\/compania\/","title":{"rendered":"Compa\u00f1ia"},"content":{"rendered":"<p style=\"text-align: center;\"><img loading=\"lazy\" decoding=\"async\" class=\"alignnone wp-image-359\" title=\"PYGAR\" src=\"http:\/\/www.pygar.us\/wp-content\/uploads\/2017\/06\/pygar_logo-04_600px-300x300.png\" alt=\"\" width=\"212\" height=\"212\" srcset=\"https:\/\/pygar.us\/wp-content\/uploads\/2017\/06\/pygar_logo-04_600px-300x300.png 300w, https:\/\/pygar.us\/wp-content\/uploads\/2017\/06\/pygar_logo-04_600px-150x150.png 150w, https:\/\/pygar.us\/wp-content\/uploads\/2017\/06\/pygar_logo-04_600px.png 600w\" sizes=\"auto, (max-width: 212px) 100vw, 212px\" \/><\/p>\n<p><strong>PYGAR<\/strong><\/p>\n<p>En un mundo de uniformidad, limitado por visiones a corto plazo, PYGAR decidi\u00f3 mantener la tradici\u00f3n diferenci\u00e1ndose en su oferta de excelentes productos, dise\u00f1ados y construidos para durar, con una perspectiva de desarrollo durable; sin compromisos.<\/p>\n<p>Las marcas FELCO, TINA e ISTOR son conocidas mundialmente como lideres insuperables en la fabricaci\u00f3n de productos de poda, corte y afilado; estos productos est\u00e1n dise\u00f1ados para durar y satisfacer a los profesionales mas exigentes y esto a todo lo largo de sus muchos a\u00f1os de uso.<\/p>\n<p>Productos hechos en Suiza y Alemania, estas herramientas fueron dise\u00f1adas por profesionales para profesionales, utilizando no solamente lo \u00faltimo en tecnolog\u00eda, sino tambi\u00e9n apoyados en una solida base de d\u00e9cadas de experiencia y maestr\u00eda.<\/p>\n<p>Las empresas FELCO, TINA e ISTOR son empresas industriales familiares multigeneracionales cuyo objetivo constante es el de servir a los profesionales m\u00e1s exigentes, prometiendoles que su experiencia con PYGAR les asegura el uso de los mejores materiales y tecnolog\u00eda, ofreciendo la absoluta mejor calidad del mercado.<\/p>\n<p style=\"text-align: center;\"><a href=\"https:\/\/www.felco.com\"><img loading=\"lazy\" decoding=\"async\" class=\"alignnone wp-image-70 size-medium\" title=\"FLISCH GROUP\" src=\"http:\/\/www.pygar.us\/wp-content\/uploads\/2017\/06\/felco-300x130.png\" alt=\"\" width=\"300\" height=\"130\" srcset=\"https:\/\/pygar.us\/wp-content\/uploads\/2017\/06\/felco-300x130.png 300w, https:\/\/pygar.us\/wp-content\/uploads\/2017\/06\/felco.png 400w\" sizes=\"auto, (max-width: 300px) 100vw, 300px\" \/><\/a><\/p>\n<p style=\"text-align: center;\">PYGAR es una Compa\u00f1\u00eda de <a href=\"https:\/\/www.felco.com\">FELCO<\/a><\/p>\n<p><strong>FELCO<\/strong><\/p>\n<p>Al construir una vasta red de distribuci\u00f3n, FELCO ha buscado localizar representantes profesionales alrededor del mundo. Gracias a dispositivos modernos de comunicaci\u00f3n y un soporte promocional centralizado, la red de ventas est\u00e1 idealmente ubicada para promover los productos de manera profesional, manteniendo estrechas relaciones con los clientes.<\/p>\n<p>Gracias a las asociaciones establecidas con la red de distribuci\u00f3n, los clientes reciben informaci\u00f3n relevante de personas experimentadas y disfrutan de una r\u00e1pida distribuci\u00f3n de nuevos productos.<\/p>\n<p>La red de distribuci\u00f3n es una parte integral de la gran familia FELCO y comparte el mismo deseo de lograr la satisfacci\u00f3n total del cliente.<\/p>\n<p>FELCO est\u00e1 decidida a establecer y mantener una red de ventas con una fuerte presencia tanto en el campo como en ferias y exposiciones nacionales e internacionales. Seminarios t\u00e9cnicos y comerciales son organizados a nivel mundial con este objetivo en mente.<\/p>\n<p style=\"text-align: center;\"><a href=\"https:\/\/flisch.group\/\" target=\"_blank\" rel=\"noopener\"><img loading=\"lazy\" decoding=\"async\" class=\"aligncenter wp-image-202\" title=\"FLISCH GROUP\" src=\"http:\/\/www.pygar.us\/wp-content\/uploads\/2017\/06\/Logo-FLISCH-GROUP-184x300.png\" alt=\"FLISCH GROUP\" width=\"100\" height=\"163\" srcset=\"https:\/\/pygar.us\/wp-content\/uploads\/2017\/06\/Logo-FLISCH-GROUP-184x300.png 184w, https:\/\/pygar.us\/wp-content\/uploads\/2017\/06\/Logo-FLISCH-GROUP-768x1250.png 768w, https:\/\/pygar.us\/wp-content\/uploads\/2017\/06\/Logo-FLISCH-GROUP-629x1024.png 629w, https:\/\/pygar.us\/wp-content\/uploads\/2017\/06\/Logo-FLISCH-GROUP.png 1182w\" sizes=\"auto, (max-width: 100px) 100vw, 100px\" \/><\/a><\/p>\n<p style=\"text-align: center;\">FELCO es una Empresa del <a href=\"https:\/\/flisch.group\/\" target=\"_blank\" rel=\"noopener\">Grupo FLISCH <\/a><\/p>\n","protected":false},"excerpt":{"rendered":"<p>PYGAR En un mundo de uniformidad, limitado por visiones a corto plazo, PYGAR decidi\u00f3 mantener la tradici\u00f3n diferenci\u00e1ndose en su oferta de excelentes productos, dise\u00f1ados y construidos para durar, con una perspectiva de desarrollo durable; sin compromisos. Las marcas FELCO, TINA e ISTOR son conocidas mundialmente como lideres insuperables en la fabricaci\u00f3n de productos de [&hellip;]<\/p>\n","protected":false},"author":1,"featured_media":0,"parent":0,"menu_order":0,"comment_status":"closed","ping_status":"closed","template":"","meta":{"_acf_changed":false,"footnotes":""},"class_list":["post-49","page","type-page","status-publish","hentry"],"acf":[],"yoast_head":"<!-- This site is optimized with the Yoast SEO plugin v27.4 - https:\/\/yoast.com\/product\/yoast-seo-wordpress\/ -->\n<title>Compa\u00f1ia - Pygar<\/title>\n<meta name=\"robots\" content=\"noindex, follow\" \/>\n<meta property=\"og:locale\" content=\"es_ES\" \/>\n<meta property=\"og:type\" content=\"article\" \/>\n<meta property=\"og:title\" content=\"Compa\u00f1ia - Pygar\" \/>\n<meta property=\"og:description\" content=\"PYGAR En un mundo de uniformidad, limitado por visiones a corto plazo, PYGAR decidi\u00f3 mantener la tradici\u00f3n diferenci\u00e1ndose en su oferta de excelentes productos, dise\u00f1ados y construidos para durar, con una perspectiva de desarrollo durable; sin compromisos. Las marcas FELCO, TINA e ISTOR son conocidas mundialmente como lideres insuperables en la fabricaci\u00f3n de productos de [&hellip;]\" \/>\n<meta property=\"og:url\" content=\"https:\/\/pygar.ca\/es\/compania\/\" \/>\n<meta property=\"og:site_name\" content=\"Pygar\" \/>\n<meta property=\"article:publisher\" content=\"https:\/\/www.facebook.com\/PYGARUSA\/\" \/>\n<meta property=\"article:modified_time\" content=\"2019-01-28T07:39:22+00:00\" \/>\n<meta property=\"og:image\" content=\"http:\/\/www.pygar.us\/wp-content\/uploads\/2017\/06\/pygar_logo-04_600px-300x300.png\" \/>\n<meta name=\"twitter:card\" content=\"summary_large_image\" \/>\n<meta name=\"twitter:label1\" content=\"Tiempo de lectura\" \/>\n\t<meta name=\"twitter:data1\" content=\"2 minutos\" \/>\n<script type=\"application\/ld+json\" class=\"yoast-schema-graph\">{\"@context\":\"https:\\\/\\\/schema.org\",\"@graph\":[{\"@type\":\"WebPage\",\"@id\":\"https:\\\/\\\/pygar.ca\\\/es\\\/compania\\\/\",\"url\":\"https:\\\/\\\/pygar.ca\\\/es\\\/compania\\\/\",\"name\":\"Compa\u00f1ia - Pygar\",\"isPartOf\":{\"@id\":\"https:\\\/\\\/www.pygar.us\\\/es\\\/#website\"},\"primaryImageOfPage\":{\"@id\":\"https:\\\/\\\/pygar.ca\\\/es\\\/compania\\\/#primaryimage\"},\"image\":{\"@id\":\"https:\\\/\\\/pygar.ca\\\/es\\\/compania\\\/#primaryimage\"},\"thumbnailUrl\":\"http:\\\/\\\/www.pygar.us\\\/wp-content\\\/uploads\\\/2017\\\/06\\\/pygar_logo-04_600px-300x300.png\",\"datePublished\":\"2017-06-19T21:13:18+00:00\",\"dateModified\":\"2019-01-28T07:39:22+00:00\",\"breadcrumb\":{\"@id\":\"https:\\\/\\\/pygar.ca\\\/es\\\/compania\\\/#breadcrumb\"},\"inLanguage\":\"es\",\"potentialAction\":[{\"@type\":\"ReadAction\",\"target\":[\"https:\\\/\\\/pygar.ca\\\/es\\\/compania\\\/\"]}]},{\"@type\":\"ImageObject\",\"inLanguage\":\"es\",\"@id\":\"https:\\\/\\\/pygar.ca\\\/es\\\/compania\\\/#primaryimage\",\"url\":\"http:\\\/\\\/www.pygar.us\\\/wp-content\\\/uploads\\\/2017\\\/06\\\/pygar_logo-04_600px-300x300.png\",\"contentUrl\":\"http:\\\/\\\/www.pygar.us\\\/wp-content\\\/uploads\\\/2017\\\/06\\\/pygar_logo-04_600px-300x300.png\"},{\"@type\":\"BreadcrumbList\",\"@id\":\"https:\\\/\\\/pygar.ca\\\/es\\\/compania\\\/#breadcrumb\",\"itemListElement\":[{\"@type\":\"ListItem\",\"position\":1,\"name\":\"Home\",\"item\":\"https:\\\/\\\/www.pygar.us\\\/es\\\/\"},{\"@type\":\"ListItem\",\"position\":2,\"name\":\"Compa\u00f1ia\"}]},{\"@type\":\"WebSite\",\"@id\":\"https:\\\/\\\/www.pygar.us\\\/es\\\/#website\",\"url\":\"https:\\\/\\\/www.pygar.us\\\/es\\\/\",\"name\":\"Pygar\",\"description\":\"Tools for professionals\",\"publisher\":{\"@id\":\"https:\\\/\\\/www.pygar.us\\\/es\\\/#organization\"},\"potentialAction\":[{\"@type\":\"SearchAction\",\"target\":{\"@type\":\"EntryPoint\",\"urlTemplate\":\"https:\\\/\\\/www.pygar.us\\\/es\\\/?s={search_term_string}\"},\"query-input\":{\"@type\":\"PropertyValueSpecification\",\"valueRequired\":true,\"valueName\":\"search_term_string\"}}],\"inLanguage\":\"es\"},{\"@type\":\"Organization\",\"@id\":\"https:\\\/\\\/www.pygar.us\\\/es\\\/#organization\",\"name\":\"PYGAR\",\"url\":\"https:\\\/\\\/www.pygar.us\\\/es\\\/\",\"logo\":{\"@type\":\"ImageObject\",\"inLanguage\":\"es\",\"@id\":\"https:\\\/\\\/www.pygar.us\\\/es\\\/#\\\/schema\\\/logo\\\/image\\\/\",\"url\":\"https:\\\/\\\/pygar.us\\\/wp-content\\\/uploads\\\/2017\\\/06\\\/cropped-logo.png\",\"contentUrl\":\"https:\\\/\\\/pygar.us\\\/wp-content\\\/uploads\\\/2017\\\/06\\\/cropped-logo.png\",\"width\":248,\"height\":120,\"caption\":\"PYGAR\"},\"image\":{\"@id\":\"https:\\\/\\\/www.pygar.us\\\/es\\\/#\\\/schema\\\/logo\\\/image\\\/\"},\"sameAs\":[\"https:\\\/\\\/www.facebook.com\\\/PYGARUSA\\\/\"]}]}<\/script>\n<!-- \/ Yoast SEO plugin. -->","yoast_head_json":{"title":"Compa\u00f1ia - Pygar","robots":{"index":"noindex","follow":"follow"},"og_locale":"es_ES","og_type":"article","og_title":"Compa\u00f1ia - Pygar","og_description":"PYGAR En un mundo de uniformidad, limitado por visiones a corto plazo, PYGAR decidi\u00f3 mantener la tradici\u00f3n diferenci\u00e1ndose en su oferta de excelentes productos, dise\u00f1ados y construidos para durar, con una perspectiva de desarrollo durable; sin compromisos. Las marcas FELCO, TINA e ISTOR son conocidas mundialmente como lideres insuperables en la fabricaci\u00f3n de productos de [&hellip;]","og_url":"https:\/\/pygar.ca\/es\/compania\/","og_site_name":"Pygar","article_publisher":"https:\/\/www.facebook.com\/PYGARUSA\/","article_modified_time":"2019-01-28T07:39:22+00:00","og_image":[{"url":"http:\/\/www.pygar.us\/wp-content\/uploads\/2017\/06\/pygar_logo-04_600px-300x300.png","type":"","width":"","height":""}],"twitter_card":"summary_large_image","twitter_misc":{"Tiempo de lectura":"2 minutos"},"schema":{"@context":"https:\/\/schema.org","@graph":[{"@type":"WebPage","@id":"https:\/\/pygar.ca\/es\/compania\/","url":"https:\/\/pygar.ca\/es\/compania\/","name":"Compa\u00f1ia - Pygar","isPartOf":{"@id":"https:\/\/www.pygar.us\/es\/#website"},"primaryImageOfPage":{"@id":"https:\/\/pygar.ca\/es\/compania\/#primaryimage"},"image":{"@id":"https:\/\/pygar.ca\/es\/compania\/#primaryimage"},"thumbnailUrl":"http:\/\/www.pygar.us\/wp-content\/uploads\/2017\/06\/pygar_logo-04_600px-300x300.png","datePublished":"2017-06-19T21:13:18+00:00","dateModified":"2019-01-28T07:39:22+00:00","breadcrumb":{"@id":"https:\/\/pygar.ca\/es\/compania\/#breadcrumb"},"inLanguage":"es","potentialAction":[{"@type":"ReadAction","target":["https:\/\/pygar.ca\/es\/compania\/"]}]},{"@type":"ImageObject","inLanguage":"es","@id":"https:\/\/pygar.ca\/es\/compania\/#primaryimage","url":"http:\/\/www.pygar.us\/wp-content\/uploads\/2017\/06\/pygar_logo-04_600px-300x300.png","contentUrl":"http:\/\/www.pygar.us\/wp-content\/uploads\/2017\/06\/pygar_logo-04_600px-300x300.png"},{"@type":"BreadcrumbList","@id":"https:\/\/pygar.ca\/es\/compania\/#breadcrumb","itemListElement":[{"@type":"ListItem","position":1,"name":"Home","item":"https:\/\/www.pygar.us\/es\/"},{"@type":"ListItem","position":2,"name":"Compa\u00f1ia"}]},{"@type":"WebSite","@id":"https:\/\/www.pygar.us\/es\/#website","url":"https:\/\/www.pygar.us\/es\/","name":"Pygar","description":"Tools for professionals","publisher":{"@id":"https:\/\/www.pygar.us\/es\/#organization"},"potentialAction":[{"@type":"SearchAction","target":{"@type":"EntryPoint","urlTemplate":"https:\/\/www.pygar.us\/es\/?s={search_term_string}"},"query-input":{"@type":"PropertyValueSpecification","valueRequired":true,"valueName":"search_term_string"}}],"inLanguage":"es"},{"@type":"Organization","@id":"https:\/\/www.pygar.us\/es\/#organization","name":"PYGAR","url":"https:\/\/www.pygar.us\/es\/","logo":{"@type":"ImageObject","inLanguage":"es","@id":"https:\/\/www.pygar.us\/es\/#\/schema\/logo\/image\/","url":"https:\/\/pygar.us\/wp-content\/uploads\/2017\/06\/cropped-logo.png","contentUrl":"https:\/\/pygar.us\/wp-content\/uploads\/2017\/06\/cropped-logo.png","width":248,"height":120,"caption":"PYGAR"},"image":{"@id":"https:\/\/www.pygar.us\/es\/#\/schema\/logo\/image\/"},"sameAs":["https:\/\/www.facebook.com\/PYGARUSA\/"]}]}},"_links":{"self":[{"href":"https:\/\/pygar.us\/es\/wp-json\/wp\/v2\/pages\/49","targetHints":{"allow":["GET"]}}],"collection":[{"href":"https:\/\/pygar.us\/es\/wp-json\/wp\/v2\/pages"}],"about":[{"href":"https:\/\/pygar.us\/es\/wp-json\/wp\/v2\/types\/page"}],"author":[{"embeddable":true,"href":"https:\/\/pygar.us\/es\/wp-json\/wp\/v2\/users\/1"}],"replies":[{"embeddable":true,"href":"https:\/\/pygar.us\/es\/wp-json\/wp\/v2\/comments?post=49"}],"version-history":[{"count":5,"href":"https:\/\/pygar.us\/es\/wp-json\/wp\/v2\/pages\/49\/revisions"}],"predecessor-version":[{"id":486,"href":"https:\/\/pygar.us\/es\/wp-json\/wp\/v2\/pages\/49\/revisions\/486"}],"wp:attachment":[{"href":"https:\/\/pygar.us\/es\/wp-json\/wp\/v2\/media?parent=49"}],"curies":[{"name":"wp","href":"https:\/\/api.w.org\/{rel}","templated":true}]}}