{"id":315,"date":"2017-08-28T03:08:24","date_gmt":"2017-08-28T10:08:24","guid":{"rendered":"http:\/\/pygar.vnv.ch\/?page_id=315"},"modified":"2019-09-01T23:40:27","modified_gmt":"2019-09-02T06:40:27","slug":"lentreprise","status":"publish","type":"page","link":"https:\/\/pygar.us\/fr\/lentreprise\/","title":{"rendered":"L&rsquo;Entreprise"},"content":{"rendered":"<p style=\"text-align: center;\"><img loading=\"lazy\" decoding=\"async\" class=\"alignnone wp-image-359\" title=\"PYGAR\" src=\"http:\/\/www.pygar.us\/wp-content\/uploads\/2017\/06\/pygar_logo-04_600px-300x300.png\" alt=\"\" width=\"212\" height=\"212\" srcset=\"https:\/\/pygar.us\/wp-content\/uploads\/2017\/06\/pygar_logo-04_600px-300x300.png 300w, https:\/\/pygar.us\/wp-content\/uploads\/2017\/06\/pygar_logo-04_600px-150x150.png 150w, https:\/\/pygar.us\/wp-content\/uploads\/2017\/06\/pygar_logo-04_600px.png 600w\" sizes=\"auto, (max-width: 212px) 100vw, 212px\" \/><\/p>\n<p><strong>PYGAR<\/strong><\/p>\n<p>Dans un Monde d\u2019uniformit\u00e9 contraint par des visions \u00e0 court terme, PYGAR a d\u00e9cid\u00e9 de se diff\u00e9rencier en offrant des produits d\u2019excellence con\u00e7us et faits pour durer dans une perspective de d\u00e9veloppement durable.<\/p>\n<p>Les marques FELCO, TINA et ISTOR sont mondialement connues pour la qualit\u00e9 de leurs produits de coupe, de taille et d\u2019aff\u00fbtage. Ces produits sont tous con\u00e7us pour r\u00e9pondre au mieux aux professionnels exigeants et cela m\u00eame au del\u00e0 de nombreuses ann\u00e9es d\u2019utilisation.<\/p>\n<p>Produits en Suisse et en Allemagne, ces outils sont con\u00e7us par des professionnels et pour des professionnels en utilisant les plus r\u00e9centes technologies mais \u00e9galement en s\u2019appuyant sur des d\u00e9cennies de savoir-faire.<\/p>\n<p>Les soci\u00e9t\u00e9s FELCO, TINA et ISTOR sont des soci\u00e9t\u00e9s industrielles familiales qui cherchent en permanence \u00e0 offrir un produit d\u2019exception r\u00e9alis\u00e9 dans le respect des collaborateurs et de l\u2019environnement tout en utilisant les meilleurs mat\u00e9riaux et une technologie de pointe. Nous nous engageons \u00e0 ce que votre exp\u00e9rience avec PYGAR soit \u00e0 la hauteur des soci\u00e9t\u00e9s que nous repr\u00e9sentons et nous vous remercions par avance pour l\u2019int\u00e9r\u00eat que vous nous portez.<\/p>\n<p style=\"text-align: center;\"><a href=\"https:\/\/www.felco.com\"><img loading=\"lazy\" decoding=\"async\" class=\"alignnone wp-image-70 size-medium aligncenter\" title=\"FLISCH GROUP\" src=\"http:\/\/www.pygar.us\/wp-content\/uploads\/2017\/06\/felco-300x130.png\" alt=\"\" width=\"300\" height=\"130\" srcset=\"https:\/\/pygar.us\/wp-content\/uploads\/2017\/06\/felco-300x130.png 300w, https:\/\/pygar.us\/wp-content\/uploads\/2017\/06\/felco.png 400w\" sizes=\"auto, (max-width: 300px) 100vw, 300px\" \/><\/a><\/p>\n<p style=\"text-align: center;\">PYGAR est une Filiale de <a href=\"https:\/\/www.felco.com\">FELCO<\/a><\/p>\n<p><strong>FELCO<\/strong><\/p>\n<p>Le vaste r\u00e9seau de distribution FELCO permet, gr\u00e2ce aux outils de promotion et de vente les plus r\u00e9cents, d&rsquo;offir les meilleurs produits et services \u00e0 sa client\u00e8le et cela \u00e0 travers du Monde entier.<\/p>\n<p style=\"text-align: center;\"><a href=\"https:\/\/flisch.group\/\" target=\"_blank\" rel=\"noopener noreferrer\"><img loading=\"lazy\" decoding=\"async\" class=\"wp-image-202 aligncenter\" title=\"FLISCH GROUP\" src=\"http:\/\/www.pygar.us\/wp-content\/uploads\/2017\/06\/Logo-FLISCH-GROUP-184x300.png\" alt=\"FLISCH GROUP\" width=\"100\" height=\"163\" srcset=\"https:\/\/pygar.us\/wp-content\/uploads\/2017\/06\/Logo-FLISCH-GROUP-184x300.png 184w, https:\/\/pygar.us\/wp-content\/uploads\/2017\/06\/Logo-FLISCH-GROUP-768x1250.png 768w, https:\/\/pygar.us\/wp-content\/uploads\/2017\/06\/Logo-FLISCH-GROUP-629x1024.png 629w, https:\/\/pygar.us\/wp-content\/uploads\/2017\/06\/Logo-FLISCH-GROUP.png 1182w\" sizes=\"auto, (max-width: 100px) 100vw, 100px\" \/><\/a><\/p>\n<p style=\"text-align: center;\">FELCO est une Entreprise du <a href=\"https:\/\/flisch.group\/\" target=\"_blank\" rel=\"noopener noreferrer\">Groupe FLISCH<\/a><\/p>\n","protected":false},"excerpt":{"rendered":"<p>PYGAR Dans un Monde d\u2019uniformit\u00e9 contraint par des visions \u00e0 court terme, PYGAR a d\u00e9cid\u00e9 de se diff\u00e9rencier en offrant des produits d\u2019excellence con\u00e7us et faits pour durer dans une perspective de d\u00e9veloppement durable. Les marques FELCO, TINA et ISTOR sont mondialement connues pour la qualit\u00e9 de leurs produits de coupe, de taille et d\u2019aff\u00fbtage. [&hellip;]<\/p>\n","protected":false},"author":5,"featured_media":0,"parent":0,"menu_order":0,"comment_status":"closed","ping_status":"closed","template":"","meta":{"_acf_changed":false,"footnotes":""},"class_list":["post-315","page","type-page","status-publish","hentry"],"acf":[],"yoast_head":"<!-- This site is optimized with the Yoast SEO plugin v27.3 - https:\/\/yoast.com\/product\/yoast-seo-wordpress\/ -->\n<title>L&#039;Entreprise - Pygar<\/title>\n<meta name=\"robots\" content=\"noindex, follow\" \/>\n<meta property=\"og:locale\" content=\"fr_FR\" \/>\n<meta property=\"og:type\" content=\"article\" \/>\n<meta property=\"og:title\" content=\"L&#039;Entreprise - Pygar\" \/>\n<meta property=\"og:description\" content=\"PYGAR Dans un Monde d\u2019uniformit\u00e9 contraint par des visions \u00e0 court terme, PYGAR a d\u00e9cid\u00e9 de se diff\u00e9rencier en offrant des produits d\u2019excellence con\u00e7us et faits pour durer dans une perspective de d\u00e9veloppement durable. Les marques FELCO, TINA et ISTOR sont mondialement connues pour la qualit\u00e9 de leurs produits de coupe, de taille et d\u2019aff\u00fbtage. [&hellip;]\" \/>\n<meta property=\"og:url\" content=\"https:\/\/pygar.ca\/fr\/lentreprise\/\" \/>\n<meta property=\"og:site_name\" content=\"Pygar\" \/>\n<meta property=\"article:publisher\" content=\"https:\/\/www.facebook.com\/PYGARUSA\/\" \/>\n<meta property=\"article:modified_time\" content=\"2019-09-02T06:40:27+00:00\" \/>\n<meta property=\"og:image\" content=\"http:\/\/www.pygar.us\/wp-content\/uploads\/2017\/06\/pygar_logo-04_600px-300x300.png\" \/>\n<meta name=\"twitter:card\" content=\"summary_large_image\" \/>\n<meta name=\"twitter:label1\" content=\"Dur\u00e9e de lecture estim\u00e9e\" \/>\n\t<meta name=\"twitter:data1\" content=\"1 minute\" \/>\n<script type=\"application\/ld+json\" class=\"yoast-schema-graph\">{\"@context\":\"https:\\\/\\\/schema.org\",\"@graph\":[{\"@type\":\"WebPage\",\"@id\":\"https:\\\/\\\/pygar.ca\\\/fr\\\/lentreprise\\\/\",\"url\":\"https:\\\/\\\/pygar.ca\\\/fr\\\/lentreprise\\\/\",\"name\":\"L'Entreprise - Pygar\",\"isPartOf\":{\"@id\":\"https:\\\/\\\/pygar.us\\\/es\\\/#website\"},\"primaryImageOfPage\":{\"@id\":\"https:\\\/\\\/pygar.ca\\\/fr\\\/lentreprise\\\/#primaryimage\"},\"image\":{\"@id\":\"https:\\\/\\\/pygar.ca\\\/fr\\\/lentreprise\\\/#primaryimage\"},\"thumbnailUrl\":\"http:\\\/\\\/www.pygar.us\\\/wp-content\\\/uploads\\\/2017\\\/06\\\/pygar_logo-04_600px-300x300.png\",\"datePublished\":\"2017-08-28T10:08:24+00:00\",\"dateModified\":\"2019-09-02T06:40:27+00:00\",\"breadcrumb\":{\"@id\":\"https:\\\/\\\/pygar.ca\\\/fr\\\/lentreprise\\\/#breadcrumb\"},\"inLanguage\":\"fr-FR\",\"potentialAction\":[{\"@type\":\"ReadAction\",\"target\":[\"https:\\\/\\\/pygar.ca\\\/fr\\\/lentreprise\\\/\"]}]},{\"@type\":\"ImageObject\",\"inLanguage\":\"fr-FR\",\"@id\":\"https:\\\/\\\/pygar.ca\\\/fr\\\/lentreprise\\\/#primaryimage\",\"url\":\"http:\\\/\\\/www.pygar.us\\\/wp-content\\\/uploads\\\/2017\\\/06\\\/pygar_logo-04_600px-300x300.png\",\"contentUrl\":\"http:\\\/\\\/www.pygar.us\\\/wp-content\\\/uploads\\\/2017\\\/06\\\/pygar_logo-04_600px-300x300.png\"},{\"@type\":\"BreadcrumbList\",\"@id\":\"https:\\\/\\\/pygar.ca\\\/fr\\\/lentreprise\\\/#breadcrumb\",\"itemListElement\":[{\"@type\":\"ListItem\",\"position\":1,\"name\":\"Home\",\"item\":\"https:\\\/\\\/pygar.ca\\\/fr\\\/\"},{\"@type\":\"ListItem\",\"position\":2,\"name\":\"L&rsquo;Entreprise\"}]},{\"@type\":\"WebSite\",\"@id\":\"https:\\\/\\\/pygar.us\\\/es\\\/#website\",\"url\":\"https:\\\/\\\/pygar.us\\\/es\\\/\",\"name\":\"Pygar\",\"description\":\"Tools for professionals\",\"publisher\":{\"@id\":\"https:\\\/\\\/pygar.us\\\/es\\\/#organization\"},\"potentialAction\":[{\"@type\":\"SearchAction\",\"target\":{\"@type\":\"EntryPoint\",\"urlTemplate\":\"https:\\\/\\\/pygar.us\\\/es\\\/?s={search_term_string}\"},\"query-input\":{\"@type\":\"PropertyValueSpecification\",\"valueRequired\":true,\"valueName\":\"search_term_string\"}}],\"inLanguage\":\"fr-FR\"},{\"@type\":\"Organization\",\"@id\":\"https:\\\/\\\/pygar.us\\\/es\\\/#organization\",\"name\":\"PYGAR\",\"url\":\"https:\\\/\\\/pygar.us\\\/es\\\/\",\"logo\":{\"@type\":\"ImageObject\",\"inLanguage\":\"fr-FR\",\"@id\":\"https:\\\/\\\/pygar.us\\\/es\\\/#\\\/schema\\\/logo\\\/image\\\/\",\"url\":\"https:\\\/\\\/pygar.us\\\/wp-content\\\/uploads\\\/2017\\\/06\\\/cropped-logo.png\",\"contentUrl\":\"https:\\\/\\\/pygar.us\\\/wp-content\\\/uploads\\\/2017\\\/06\\\/cropped-logo.png\",\"width\":248,\"height\":120,\"caption\":\"PYGAR\"},\"image\":{\"@id\":\"https:\\\/\\\/pygar.us\\\/es\\\/#\\\/schema\\\/logo\\\/image\\\/\"},\"sameAs\":[\"https:\\\/\\\/www.facebook.com\\\/PYGARUSA\\\/\"]}]}<\/script>\n<!-- \/ Yoast SEO plugin. -->","yoast_head_json":{"title":"L'Entreprise - Pygar","robots":{"index":"noindex","follow":"follow"},"og_locale":"fr_FR","og_type":"article","og_title":"L'Entreprise - Pygar","og_description":"PYGAR Dans un Monde d\u2019uniformit\u00e9 contraint par des visions \u00e0 court terme, PYGAR a d\u00e9cid\u00e9 de se diff\u00e9rencier en offrant des produits d\u2019excellence con\u00e7us et faits pour durer dans une perspective de d\u00e9veloppement durable. Les marques FELCO, TINA et ISTOR sont mondialement connues pour la qualit\u00e9 de leurs produits de coupe, de taille et d\u2019aff\u00fbtage. [&hellip;]","og_url":"https:\/\/pygar.ca\/fr\/lentreprise\/","og_site_name":"Pygar","article_publisher":"https:\/\/www.facebook.com\/PYGARUSA\/","article_modified_time":"2019-09-02T06:40:27+00:00","og_image":[{"url":"http:\/\/www.pygar.us\/wp-content\/uploads\/2017\/06\/pygar_logo-04_600px-300x300.png","type":"","width":"","height":""}],"twitter_card":"summary_large_image","twitter_misc":{"Dur\u00e9e de lecture estim\u00e9e":"1 minute"},"schema":{"@context":"https:\/\/schema.org","@graph":[{"@type":"WebPage","@id":"https:\/\/pygar.ca\/fr\/lentreprise\/","url":"https:\/\/pygar.ca\/fr\/lentreprise\/","name":"L'Entreprise - Pygar","isPartOf":{"@id":"https:\/\/pygar.us\/es\/#website"},"primaryImageOfPage":{"@id":"https:\/\/pygar.ca\/fr\/lentreprise\/#primaryimage"},"image":{"@id":"https:\/\/pygar.ca\/fr\/lentreprise\/#primaryimage"},"thumbnailUrl":"http:\/\/www.pygar.us\/wp-content\/uploads\/2017\/06\/pygar_logo-04_600px-300x300.png","datePublished":"2017-08-28T10:08:24+00:00","dateModified":"2019-09-02T06:40:27+00:00","breadcrumb":{"@id":"https:\/\/pygar.ca\/fr\/lentreprise\/#breadcrumb"},"inLanguage":"fr-FR","potentialAction":[{"@type":"ReadAction","target":["https:\/\/pygar.ca\/fr\/lentreprise\/"]}]},{"@type":"ImageObject","inLanguage":"fr-FR","@id":"https:\/\/pygar.ca\/fr\/lentreprise\/#primaryimage","url":"http:\/\/www.pygar.us\/wp-content\/uploads\/2017\/06\/pygar_logo-04_600px-300x300.png","contentUrl":"http:\/\/www.pygar.us\/wp-content\/uploads\/2017\/06\/pygar_logo-04_600px-300x300.png"},{"@type":"BreadcrumbList","@id":"https:\/\/pygar.ca\/fr\/lentreprise\/#breadcrumb","itemListElement":[{"@type":"ListItem","position":1,"name":"Home","item":"https:\/\/pygar.ca\/fr\/"},{"@type":"ListItem","position":2,"name":"L&rsquo;Entreprise"}]},{"@type":"WebSite","@id":"https:\/\/pygar.us\/es\/#website","url":"https:\/\/pygar.us\/es\/","name":"Pygar","description":"Tools for professionals","publisher":{"@id":"https:\/\/pygar.us\/es\/#organization"},"potentialAction":[{"@type":"SearchAction","target":{"@type":"EntryPoint","urlTemplate":"https:\/\/pygar.us\/es\/?s={search_term_string}"},"query-input":{"@type":"PropertyValueSpecification","valueRequired":true,"valueName":"search_term_string"}}],"inLanguage":"fr-FR"},{"@type":"Organization","@id":"https:\/\/pygar.us\/es\/#organization","name":"PYGAR","url":"https:\/\/pygar.us\/es\/","logo":{"@type":"ImageObject","inLanguage":"fr-FR","@id":"https:\/\/pygar.us\/es\/#\/schema\/logo\/image\/","url":"https:\/\/pygar.us\/wp-content\/uploads\/2017\/06\/cropped-logo.png","contentUrl":"https:\/\/pygar.us\/wp-content\/uploads\/2017\/06\/cropped-logo.png","width":248,"height":120,"caption":"PYGAR"},"image":{"@id":"https:\/\/pygar.us\/es\/#\/schema\/logo\/image\/"},"sameAs":["https:\/\/www.facebook.com\/PYGARUSA\/"]}]}},"_links":{"self":[{"href":"https:\/\/pygar.us\/fr\/wp-json\/wp\/v2\/pages\/315","targetHints":{"allow":["GET"]}}],"collection":[{"href":"https:\/\/pygar.us\/fr\/wp-json\/wp\/v2\/pages"}],"about":[{"href":"https:\/\/pygar.us\/fr\/wp-json\/wp\/v2\/types\/page"}],"author":[{"embeddable":true,"href":"https:\/\/pygar.us\/fr\/wp-json\/wp\/v2\/users\/5"}],"replies":[{"embeddable":true,"href":"https:\/\/pygar.us\/fr\/wp-json\/wp\/v2\/comments?post=315"}],"version-history":[{"count":5,"href":"https:\/\/pygar.us\/fr\/wp-json\/wp\/v2\/pages\/315\/revisions"}],"predecessor-version":[{"id":557,"href":"https:\/\/pygar.us\/fr\/wp-json\/wp\/v2\/pages\/315\/revisions\/557"}],"wp:attachment":[{"href":"https:\/\/pygar.us\/fr\/wp-json\/wp\/v2\/media?parent=315"}],"curies":[{"name":"wp","href":"https:\/\/api.w.org\/{rel}","templated":true}]}}